{"id":468,"date":"2020-08-06T18:38:06","date_gmt":"2020-08-06T18:38:06","guid":{"rendered":"http:\/\/youngrevolution.ch\/?page_id=468"},"modified":"2024-07-16T08:14:03","modified_gmt":"2024-07-16T08:14:03","slug":"geschichte-neu","status":"publish","type":"page","link":"https:\/\/youngrevolution.ch\/?page_id=468","title":{"rendered":"Geschichte"},"content":{"rendered":"\n<p>Es begann im Herbst 2017, direkt nach der Teilnahme am Weltjugendmusikfestival in Z\u00fcrich mit der JM Montlingen-Eichenwies. Durch die gemeinsame Vorbereitungsarbeiten auf die Wettspiele \/ Marschmusik mit der JM Oberriet &#8211; durch die gegenseitige Unterst\u00fctzung und Synergien bei Transport und Unterkunft ist der Zusammenhalt zwischen den Jugendlichen noch mehr gewachsen. Bereits fr\u00fcher hatten wir Gemeinschaftsauftritte, aber mit dem WJMF wurde die Beziehung intensiviert.<\/p>\n\n\n\n<p>Gleichzeitig sahen alle Jungmusikanten die Hallenshows und sehr viele \u00e4usserten den Wunsch selbst einmal so etwas auszuprobieren. Wir, Melanie\/Pascal\/Patrick, streckten die K\u00f6pfe zusammen und gaben der Idee einen Namen. Dies war die Geburtsstunde von &#8222;Young (R)evolution&#8220;. Wir hatten zwar weder Erfahrung noch Ahnung, aber gemeinsam wollten wir den Schritt wagen und einen Anfang machen. Niemand wusste was daraus entstehen kann.<\/p>\n\n\n\n<p>Erste Gehversuche &#8211; im Sinne der Parademusik &#8211; unternahmen die beiden Jungmusiken in den Musiklagern 2017. Direkt im Anschluss dann die Vorstellung der Projektidee. Dies mit \u00fcberraschender Resonanz und innert kurzer Zeit hatten wir 46 Jugendliche, die ein Interesse bekundeten. Letztendlich haben wir noch ein paar Absagen und weitere Zusagen erhalten, so dass die Formation auf stattliche 48 Musikanten angewachsen ist.<\/p>\n\n\n<div class=\"wp-block-image\">\n<figure class=\"alignright\"><img loading=\"lazy\" decoding=\"async\" width=\"300\" height=\"200\" src=\"https:\/\/youngrevolution.ch\/wp-content\/uploads\/2018\/05\/MEL_3825_low-300x200.jpg\" alt=\"\" class=\"wp-image-96\" srcset=\"https:\/\/youngrevolution.ch\/wp-content\/uploads\/2018\/05\/MEL_3825_low-300x200.jpg 300w, https:\/\/youngrevolution.ch\/wp-content\/uploads\/2018\/05\/MEL_3825_low-768x512.jpg 768w, https:\/\/youngrevolution.ch\/wp-content\/uploads\/2018\/05\/MEL_3825_low-1024x683.jpg 1024w, https:\/\/youngrevolution.ch\/wp-content\/uploads\/2018\/05\/MEL_3825_low-600x400.jpg 600w\" sizes=\"auto, (max-width: 300px) 100vw, 300px\" \/><\/figure>\n<\/div>\n\n\n<p>Die erste Probe gemeinsam war im Dezember 2017. Darauf hin folgten einige Samstags- und Sonntagsproben. Zunehmend verzeichneten wir Erfolge, obwohl die ersten Videoaufzeichnungen noch nicht prickelnd waren. Die Motivation war aber ungebrochen und der Probenbesuch war ausgezeichnet. F\u00fcr den April organisierten uns professionelle Unterst\u00fctzung in Form von David Eiermann (k\u00fcnstlerischer Leiter von showband.ch). Dies mit dem Angebot &#8222;rent-a-drum-major&#8220;. Wertvolle Tips und Tricks flossen ein und gleichtags entstand die Drohnenaufnahme. Erstmalig konnten wir das Ergebnis betrachten.<\/p>\n\n\n\n<p>An den Kreismusiktagen 2018 in Montlingen durften wir den zweiten Teil des Parademusik-Wettbewerbes mit unserer Darbietung er\u00f6ffnen. Dies mit einer stillen Bewertung und einem riesigen Aufmarsch von Besuchern. Die Jungmusikanten liefen zur Hochform auf und erhielten von allen Seiten einen riesigen Zuspruch und Lob (Besucher, Musikanten, Experten). Seht selbst das entsprechende Video im entsprechenden Bericht.<\/p>\n\n\n\n<p>Werdegang als <a href=\"https:\/\/youngrevolution.ch\/?page_id=23\">Videotagebuch<\/a><\/p>\n\n\n\n<p>Motiviert vom Zuspruch er\u00f6ffneten wir im Herbst 2018 erneut die M\u00f6glichkeit f\u00fcr junge Talente ein Evolutionsprogramm auf die Beine zu stellen. Dies mit dem Ziel am Eidgen\u00f6ssischen Jugendmusikfest in Burgdorf teilzunehmen. In kurzer Zeit haben sich nicht nur Musizierende aus den drei D\u00f6rfern gemeldet. Auch aus Altst\u00e4tten hatten wir Interessensbekundungen. Somit wuchs die Formation, trotz Wechseln aus der ersten Durchf\u00fchrung, auf 60 Musizierende an. Das Zusammenarbeitungprojekt der Montlinger Jungmusik mit der Tanzgruppe movestation aus Widnau erm\u00f6glichte zus\u00e4tzlich 8 T\u00e4nzerinnen f\u00fcr das Vorhaben zu begeistern.<\/p>\n\n\n\n<p>Nach den wesentlichen Vorbereitungsschritten konnten wir an der Parade des Princely Tattoo sowie an der stillen Bewertung am Musikfest in Rebstein die ersten Live-Auftritte und Feedback entgegennehmen. Mit diesen Eindr\u00fccken, ein paar Anpassungen und zus\u00e4tzlicher Motivation erreichten die jungen Talente als coole und groovige Truppe den \u00fcberraschenden Sieg und kehrten stolz mit dem Siegerpokal ins Rheintal zur\u00fcck.<\/p>\n\n\n\n<p>Das Ergebnis in voller L\u00e4nge: <a href=\"https:\/\/youtu.be\/wmZ9Gyji5AU\">Feelings<\/a> by young (r)evolution<\/p>\n\n\n\n<p>Eine Neuauflage im Jahr 2021 kam aufgrund der COVID-Pandemie nicht zu Stande. Immer noch in Erinnerung an die grossartige Zeit starteten wir mit dem Projekt &#8222;DR\u00dcAZWANZG&#8220; mit der Zielsetzung erneut am Schweizer Jugendmusikfest (SJMF) teilnehmen zu k\u00f6nnen. Nach etwas l\u00e4ngerer Rekrutierungsphase konnten wir 42 Teilnehmer im Februar &#8217;23 zur ersten Probe begr\u00fcssen. Darunter nicht nur Musikanten aus Montlingen und Oberriet sondern auch aus zahlreichen umliegenden Vereinen. Die Proben gestalteten wir schon nach kurzer Zeit mit Auftrittsm\u00f6glichkeiten und dies half ungemein Routine und Sicherheit aufzubauen. <\/p>\n\n\n<div class=\"wp-block-image\">\n<figure class=\"alignright size-large is-resized\"><img loading=\"lazy\" decoding=\"async\" width=\"2560\" height=\"1600\" src=\"https:\/\/youngrevolution.ch\/wp-content\/uploads\/2023\/09\/20230916_173935_0YNgKA-edited-1-scaled.jpg\" alt=\"\" class=\"wp-image-738\" style=\"width:416px\" srcset=\"https:\/\/youngrevolution.ch\/wp-content\/uploads\/2023\/09\/20230916_173935_0YNgKA-edited-1-scaled.jpg 2560w, https:\/\/youngrevolution.ch\/wp-content\/uploads\/2023\/09\/20230916_173935_0YNgKA-edited-1-300x188.jpg 300w, https:\/\/youngrevolution.ch\/wp-content\/uploads\/2023\/09\/20230916_173935_0YNgKA-edited-1-1024x640.jpg 1024w, https:\/\/youngrevolution.ch\/wp-content\/uploads\/2023\/09\/20230916_173935_0YNgKA-edited-1-768x480.jpg 768w, https:\/\/youngrevolution.ch\/wp-content\/uploads\/2023\/09\/20230916_173935_0YNgKA-edited-1-1536x960.jpg 1536w, https:\/\/youngrevolution.ch\/wp-content\/uploads\/2023\/09\/20230916_173935_0YNgKA-edited-1-2048x1280.jpg 2048w\" sizes=\"auto, (max-width: 767px) 89vw, (max-width: 1000px) 54vw, (max-width: 1071px) 543px, 580px\" \/><\/figure>\n<\/div>\n\n\n<p>Das Programm mit St\u00fccken aus dem Film &#8222;The Greatest Showman&#8220; fand bei Jung und Alt sehr grosse Begeisterung. Dies wurde auch am SJMF vom Publikum und der Jury gefeiert. Letztlich reichte es nicht nur zum Schweizermeister-Titel in der Kategorie &#8222;Parademusik mit Evolutionen&#8220;, sondern auch zum Gesamtsieg in der Parademusik. <\/p>\n\n\n\n<p>Das Ergebnis in voller L\u00e4nge: <a href=\"https:\/\/youtu.be\/vhYsAMNlmY4\" data-type=\"URL\" data-id=\"https:\/\/youtu.be\/vhYsAMNlmY4\">The Greatest Show<\/a> by young (r)evolution<\/p>\n\n\n\n<p>Nach diesem \u00fcberw\u00e4ltigenden Erfolg haben sich die Teilnehmenden fast einstimmig f\u00fcr ein neues Projekt im &#8217;24 ausgesprochen und die urspr\u00fcngliche Motivation des WJMF 2017 war: Hallenshow. Wir entwickelten deshalb aus dem vorhandenen Showprogramm eine Variation f\u00fcr Rasen- und Hallenshows. Neben Auftritten im Rheintal und im angrenzenden Ausland stand die Er\u00f6ffnung der YouthParty am WJMF 2024 auf dem Programm. Hier das Ergebnis: <a href=\"https:\/\/youtu.be\/UsZQB-gv1_8\" target=\"_blank\" rel=\"noreferrer noopener\">young(r)evolution im Hallenstadion<\/a>.<\/p>\n\n\n\n<p>Mit Bewertungen auf der Parademusik-Strecke hatten wir bereits Erfahrung und konnten in Z\u00fcrich erneut ausgezeichnetes Lob von der Jury erhalten. Mit 93 Punkten den super zweiten Platz und eine Auszeichnung in Gold mit nach Hause nehmen (<a href=\"https:\/\/youtu.be\/_objJWVn2nE\">Parademusik Wertung &#8211; Komplettes Video<\/a>). Mit noch gr\u00f6sserer Spannung wurden die Ergebnisse f\u00fcr die Pr\u00e4sentation in der Birch-Halle erwartet. Wir sind ausserordentlich stolz auf unsere Jugendlichen und Jungen Erwachsenen. Sie haben diesen Wettbewerb f\u00fcr sich entscheiden k\u00f6nnen und somit gleich bei der ersten Teilnahme mit 93.33 Punkten einen Weltmeister-Titel erhalten. Congratulation!<\/p>\n\n\n\n<p>Die Show in voller L\u00e4nge: <a href=\"https:\/\/youtu.be\/wfRvePSrfio?feature=shared\">Marching Band Show Competition at WJMF<\/a> <\/p>\n","protected":false},"excerpt":{"rendered":"<p>Es begann im Herbst 2017, direkt nach der Teilnahme am Weltjugendmusikfestival in Z\u00fcrich mit der JM Montlingen-Eichenwies. Durch die gemeinsame Vorbereitungsarbeiten auf die Wettspiele \/ Marschmusik mit der JM Oberriet &#8211; durch die gegenseitige Unterst\u00fctzung und Synergien bei Transport und Unterkunft ist der Zusammenhalt zwischen den Jugendlichen noch mehr gewachsen. Bereits fr\u00fcher hatten wir Gemeinschaftsauftritte, &hellip; <\/p>\n<p class=\"link-more\"><a href=\"https:\/\/youngrevolution.ch\/?page_id=468\" class=\"more-link\"><span class=\"screen-reader-text\">\u201eGeschichte\u201c <\/span>weiterlesen<\/a><\/p>\n","protected":false},"author":2,"featured_media":0,"parent":0,"menu_order":0,"comment_status":"closed","ping_status":"closed","template":"","meta":{"footnotes":""},"class_list":["post-468","page","type-page","status-publish","hentry"],"_links":{"self":[{"href":"https:\/\/youngrevolution.ch\/index.php?rest_route=\/wp\/v2\/pages\/468","targetHints":{"allow":["GET"]}}],"collection":[{"href":"https:\/\/youngrevolution.ch\/index.php?rest_route=\/wp\/v2\/pages"}],"about":[{"href":"https:\/\/youngrevolution.ch\/index.php?rest_route=\/wp\/v2\/types\/page"}],"author":[{"embeddable":true,"href":"https:\/\/youngrevolution.ch\/index.php?rest_route=\/wp\/v2\/users\/2"}],"replies":[{"embeddable":true,"href":"https:\/\/youngrevolution.ch\/index.php?rest_route=%2Fwp%2Fv2%2Fcomments&post=468"}],"version-history":[{"count":10,"href":"https:\/\/youngrevolution.ch\/index.php?rest_route=\/wp\/v2\/pages\/468\/revisions"}],"predecessor-version":[{"id":969,"href":"https:\/\/youngrevolution.ch\/index.php?rest_route=\/wp\/v2\/pages\/468\/revisions\/969"}],"wp:attachment":[{"href":"https:\/\/youngrevolution.ch\/index.php?rest_route=%2Fwp%2Fv2%2Fmedia&parent=468"}],"curies":[{"name":"wp","href":"https:\/\/api.w.org\/{rel}","templated":true}]}}