{"id":25,"date":"2018-05-29T20:48:31","date_gmt":"2018-05-29T20:48:31","guid":{"rendered":"http:\/\/youngrevolution.ch\/?page_id=25"},"modified":"2026-04-21T21:26:08","modified_gmt":"2026-04-21T21:26:08","slug":"leitung","status":"publish","type":"page","link":"https:\/\/youngrevolution.ch\/?page_id=25","title":{"rendered":"Leitung"},"content":{"rendered":"<p><strong>Leitung 2027 &amp; 2028:<\/strong><\/p>\n<ul>\n<li><b>Sandra Schmid, M\u00e4k Z\u00e4ch <\/b>&#8211; Oberriet<\/li>\n<li><b>Nevio Bichler, Andrea Stieger, Nicole Bichler <\/b>&#8211; Montlingen-Eichenwies<\/li>\n<li><strong>Andr\u00e9 Breitenmoser<\/strong> &#8211; Balgach<\/li>\n<li><strong>Fabian S\u00f6ldi<\/strong> &#8211; Marbach<\/li>\n<li><strong>zzz<\/strong> &#8211; J&amp;M-Verantwortlicher<\/li>\n<li><strong>Daniel B\u00f6sch<\/strong>, Kassier &#8211; R\u00fcthi<\/li>\n<li><strong>Lenya Bichler<\/strong> &#8211; Marketing \/ Kommunikation &#8211; Montlingen-Eichenwies<\/li>\n<li><strong>Patrick Bichler &#8211; <\/strong>Musikalische Leitung, Choreographie<\/li>\n<\/ul>\n<p>\u00a0<\/p>\n<p><strong>Leitung 2023 &amp; 2024:<\/strong><\/p>\n<ul>\n<li><strong>Carmen Herrsche, Carolin Holenstein, Nicole Gschwend &#8211; <\/strong>Montlingen-Eichenwies<\/li>\n<li><strong>Sandra Schmid &amp; Alex Schneider<\/strong> &#8211; Oberriet<\/li>\n<li><strong>Patrick Bichler &#8211; <\/strong>Musikalische Leitung, Choreographie<\/li>\n<\/ul>\n<p>\u00a0<\/p>\n<p><strong>Leitung 2019:<\/strong><\/p>\n<ul>\n<li><strong>Melanie W\u00fcst &#8211;\u00a0<\/strong>Oberriet<\/li>\n<li><strong>Pascal Benz &#8211;\u00a0<\/strong>Montlingen-Eichenwies: <a href=\"http:\/\/www.mgme.ch\">www.mgme.ch<\/a><\/li>\n<li><strong>Patrick Bichler &#8211;\u00a0<\/strong>Musikalische Leitung, Choreographie<\/li>\n<li><strong>Jessica Lazzara &#8211;\u00a0<\/strong>Choreographie Tanzgruppe: <a href=\"http:\/\/movestation.ch\">www.movestation.ch<\/a><\/li>\n<li><strong>J&amp;M-Verantwortlicher:<\/strong> Andre Breitenmoser<\/li>\n<\/ul>\n\n\n<p><\/p>\n","protected":false},"excerpt":{"rendered":"<p>Leitung 2027 &amp; 2028: Sandra Schmid, M\u00e4k Z\u00e4ch &#8211; Oberriet Nevio Bichler, Andrea Stieger, Nicole Bichler &#8211; Montlingen-Eichenwies Andr\u00e9 Breitenmoser &#8211; Balgach Fabian S\u00f6ldi &#8211; Marbach zzz &#8211; J&amp;M-Verantwortlicher Daniel B\u00f6sch, Kassier &#8211; R\u00fcthi Lenya Bichler &#8211; Marketing \/ Kommunikation &#8211; Montlingen-Eichenwies Patrick Bichler &#8211; Musikalische Leitung, Choreographie \u00a0 Leitung 2023 &amp; 2024: Carmen Herrsche, &hellip; <\/p>\n<p class=\"link-more\"><a href=\"https:\/\/youngrevolution.ch\/?page_id=25\" class=\"more-link\"><span class=\"screen-reader-text\">\u201eLeitung\u201c <\/span>weiterlesen<\/a><\/p>\n","protected":false},"author":1,"featured_media":0,"parent":0,"menu_order":0,"comment_status":"closed","ping_status":"closed","template":"","meta":{"footnotes":""},"class_list":["post-25","page","type-page","status-publish","hentry"],"_links":{"self":[{"href":"https:\/\/youngrevolution.ch\/index.php?rest_route=\/wp\/v2\/pages\/25","targetHints":{"allow":["GET"]}}],"collection":[{"href":"https:\/\/youngrevolution.ch\/index.php?rest_route=\/wp\/v2\/pages"}],"about":[{"href":"https:\/\/youngrevolution.ch\/index.php?rest_route=\/wp\/v2\/types\/page"}],"author":[{"embeddable":true,"href":"https:\/\/youngrevolution.ch\/index.php?rest_route=\/wp\/v2\/users\/1"}],"replies":[{"embeddable":true,"href":"https:\/\/youngrevolution.ch\/index.php?rest_route=%2Fwp%2Fv2%2Fcomments&post=25"}],"version-history":[{"count":14,"href":"https:\/\/youngrevolution.ch\/index.php?rest_route=\/wp\/v2\/pages\/25\/revisions"}],"predecessor-version":[{"id":1143,"href":"https:\/\/youngrevolution.ch\/index.php?rest_route=\/wp\/v2\/pages\/25\/revisions\/1143"}],"wp:attachment":[{"href":"https:\/\/youngrevolution.ch\/index.php?rest_route=%2Fwp%2Fv2%2Fmedia&parent=25"}],"curies":[{"name":"wp","href":"https:\/\/api.w.org\/{rel}","templated":true}]}}