{"id":220,"date":"2019-06-03T18:44:21","date_gmt":"2019-06-03T18:44:21","guid":{"rendered":"http:\/\/youngrevolution.ch\/?page_id=220"},"modified":"2026-02-16T19:35:25","modified_gmt":"2026-02-16T19:35:25","slug":"termine","status":"publish","type":"page","link":"https:\/\/youngrevolution.ch\/?page_id=220","title":{"rendered":"Termine"},"content":{"rendered":"\n<p>Terminplan (\u00c4nderungen vorbehalten)<\/p>\n\n\n\n<p><strong>Projekt EMF &#8217;26<\/strong><\/p>\n\n\n\n<p>1. M\u00e4rz: Tagesprobe, 09.00 &#8211; 16.30<br>Jansen AG, Oberriet<\/p>\n\n\n\n<p>12. April: Ersatzprobe f\u00fcr Abwesende vom 1. M\u00e4rz + Freiwillige, die mehr Routine m\u00f6chten<br>08.30 &#8211; 12.00, Jansen AG, Oberriet<\/p>\n\n\n\n<p>3. Mai: Tagesprobe, 09.00 &#8211; 16.30<br>Bildst\u00f6ckli, Mehrzweckhalle, Oberriet<\/p>\n\n\n\n<p><strong>17. Mai: ganzer Tag, Auftritt EMF &#8217;26<\/strong><br>Besammlung, 07.45 Uhr, Abfahrt: 8.00 Uhr, Jansen AG, Oberriet, R\u00fcckkehr ca. 23 Uhr<\/p>\n\n\n\n<p><\/p>\n\n\n\n<p><\/p>\n\n\n\n<p><strong>R\u00fcckblick auf das das Projekt 2024<\/strong>:<\/p>\n\n\n\n<p>17. Februar: Halbtagesprobe, 13.30 &#8211; 17.30, Jansen, Oberriet<\/p>\n\n\n\n<p>24. M\u00e4rz: Tagesprobe, Jansen, Oberriet, 9.00 &#8211; 16.30<\/p>\n\n\n\n<p>7. April: Tagesprobe, Jansen, Oberriet, 9.00 &#8211; 16.30<\/p>\n\n\n\n<p>4. Mai: Tagesprobe, Jansen, Oberriet, 10.00 &#8211; 16.30<\/p>\n\n\n\n<p>26. Mai: Tagesprobe, Bildst\u00f6ckli, Oberriet, 08:45 &#8211; 15.00<\/p>\n\n\n\n<p>22. Juni: Probe, Bildst\u00f6ckli, Oberriet, 08:15 &#8211; 13.00<br>inkl. Auftritt Schulausstellung Oberriet (Mittag)<\/p>\n\n\n\n<p>6. &#8211; 7. Juli: Probewochenende, <br>inkl. Teilnahme am Musikfest Bertoldshofen (D) <br>Abfahrt: 7.00 Uhr,  R\u00fcckkehr ca. 17.30 Uhr<\/p>\n\n\n\n<p>10. Juli, Abend: Hauptprobe, Bildst\u00f6ckli, Oberriet<\/p>\n\n\n\n<p>12. -14. Juli: <a href=\"http:\/\/wjmf.ch\" target=\"_blank\" rel=\"noreferrer noopener\">Weltjugendmusik-Festival<\/a>, Z\u00fcrich &#8211; Bewertung &amp; Hallenshow (Hallenstadion) <br>Details: <br>&#8211; Freitag: Er\u00f6ffnungsfeier (Hallenstadion)<br>&#8211; Samstag: <br>   Vormittag: Festumzug (Bahnhofstrasse)<br>   Abend: Showprogramm (Hallenstadion)<br>&#8211; Sonntag: <br>   Vormittag: Wertung Parademusik <br>   Nachmittag: Wertung Showprogramm (Birch-Halle)<\/p>\n\n\n\n<p><\/p>\n\n\n\n<p><strong>R\u00fcckblick auf das das Projekt &#8217;23:<\/strong><\/p>\n\n\n\n<p>&nbsp;25. Februar: Halb-Tages-Probe (13.30 &#8211; 17.30) &#8211; Bildst\u00f6ckli, Oberriet<\/p>\n\n\n\n<p>&nbsp;2. April: Tagesprobe (8.30 &#8211; 15.30) &#8211; Bildst\u00f6ckli, Oberriet<\/p>\n\n\n\n<p>&nbsp;&nbsp;17. Juni: Tagesprobe (09.00 &#8211; 17.00)- Bildst\u00f6ckli, Oberriet, <br>mit <strong>Auftritt in Montlingen<\/strong> am Jubilarenkonzert (ca. 16.30 Uhr)<\/p>\n\n\n\n<p>&nbsp;24. Juni: Tagesprobe (10.00 &#8211; 16.30) &#8211; Bildst\u00f6ckli, Oberriet, <br>mit Auftritt am OZ Oberriet (ca. 13.30 Uhr)<br>mit <strong>Auftritt <\/strong>am B\u00fcchlerfest, R\u00fcthi (ca. 15.30 Uhr)<\/p>\n\n\n\n<p>&nbsp;20. August: Halb-Tages-Probe (14.00 &#8211; 17.00) &#8211; Berglihalle Montlingen<br>mit Auftritt an der Kilbi Montlingen (ca. 16.30 Uhr)<\/p>\n\n\n\n<p>&nbsp;2. September: Probe &#8211; Bildst\u00f6ckli, Oberriet (08.30 &#8211; 17.00, Mittag von 12-14 Uhr)<br>und <strong>Auftritte in Oberriet<\/strong> am Jubil\u00e4umsfest des MV Oberriet<br>(ca. 11.30 und 16.30 Uhr)<\/p>\n\n\n\n<p>&nbsp;13. September: Probe am Abend (Hauptprobe)<\/p>\n\n\n\n<p>&nbsp;16.-17. September: <strong>Eidgen\u00f6ssisches Jugendmusikfest, St. Gallen<\/strong><\/p>\n\n\n\n<p><\/p>\n","protected":false},"excerpt":{"rendered":"<p>Terminplan (\u00c4nderungen vorbehalten) Projekt EMF &#8217;26 1. M\u00e4rz: Tagesprobe, 09.00 &#8211; 16.30Jansen AG, Oberriet 12. April: Ersatzprobe f\u00fcr Abwesende vom 1. M\u00e4rz + Freiwillige, die mehr Routine m\u00f6chten08.30 &#8211; 12.00, Jansen AG, Oberriet 3. Mai: Tagesprobe, 09.00 &#8211; 16.30Bildst\u00f6ckli, Mehrzweckhalle, Oberriet 17. Mai: ganzer Tag, Auftritt EMF &#8217;26Besammlung, 07.45 Uhr, Abfahrt: 8.00 Uhr, Jansen AG, &hellip; <\/p>\n<p class=\"link-more\"><a href=\"https:\/\/youngrevolution.ch\/?page_id=220\" class=\"more-link\"><span class=\"screen-reader-text\">\u201eTermine\u201c <\/span>weiterlesen<\/a><\/p>\n","protected":false},"author":1,"featured_media":0,"parent":0,"menu_order":0,"comment_status":"closed","ping_status":"closed","template":"","meta":{"footnotes":""},"class_list":["post-220","page","type-page","status-publish","hentry"],"_links":{"self":[{"href":"https:\/\/youngrevolution.ch\/index.php?rest_route=\/wp\/v2\/pages\/220","targetHints":{"allow":["GET"]}}],"collection":[{"href":"https:\/\/youngrevolution.ch\/index.php?rest_route=\/wp\/v2\/pages"}],"about":[{"href":"https:\/\/youngrevolution.ch\/index.php?rest_route=\/wp\/v2\/types\/page"}],"author":[{"embeddable":true,"href":"https:\/\/youngrevolution.ch\/index.php?rest_route=\/wp\/v2\/users\/1"}],"replies":[{"embeddable":true,"href":"https:\/\/youngrevolution.ch\/index.php?rest_route=%2Fwp%2Fv2%2Fcomments&post=220"}],"version-history":[{"count":52,"href":"https:\/\/youngrevolution.ch\/index.php?rest_route=\/wp\/v2\/pages\/220\/revisions"}],"predecessor-version":[{"id":1133,"href":"https:\/\/youngrevolution.ch\/index.php?rest_route=\/wp\/v2\/pages\/220\/revisions\/1133"}],"wp:attachment":[{"href":"https:\/\/youngrevolution.ch\/index.php?rest_route=%2Fwp%2Fv2%2Fmedia&parent=220"}],"curies":[{"name":"wp","href":"https:\/\/api.w.org\/{rel}","templated":true}]}}