{"id":21,"date":"2018-05-29T20:46:05","date_gmt":"2018-05-29T20:46:05","guid":{"rendered":"http:\/\/youngrevolution.ch\/?page_id=21"},"modified":"2026-02-21T11:53:45","modified_gmt":"2026-02-21T11:53:45","slug":"besetzung","status":"publish","type":"page","link":"https:\/\/youngrevolution.ch\/?page_id=21","title":{"rendered":"Besetzung"},"content":{"rendered":"\n<p>Projekt EMF&#8217;26 (Stand: 16.2.2026)<\/p>\n\n\n\n<figure class=\"wp-block-table\"><table class=\"has-fixed-layout\"><tbody><tr><td>Vorname<\/td><td>Name<\/td><td>Instrument<\/td><\/tr><tr><td>Lenya<\/td><td>Bichler<\/td><td>Piccolo <\/td><\/tr><tr><td>Valeria<\/td><td>Stieger<\/td><td>Querfl\u00f6te 1<\/td><\/tr><tr><td>Jana<\/td><td>G\u00e4chter<\/td><td>Querfl\u00f6te 1<\/td><\/tr><tr><td>Emely<\/td><td>Biedermann<\/td><td>Querfl\u00f6te 2<\/td><\/tr><tr><td>Sofia<\/td><td>Di Federico<\/td><td>Querfl\u00f6te 1<\/td><\/tr><tr><td>Lenja<\/td><td>Schmid<\/td><td>Querfl\u00f6te 2<\/td><\/tr><tr><td>Aischa<\/td><td>Rohner<\/td><td>Querfl\u00f6te 1<\/td><\/tr><tr><td>Riana<\/td><td>Bichler<\/td><td>Querfl\u00f6te 2<\/td><\/tr><tr><td>Lena<\/td><td>B\u00f6sch<\/td><td>Querfl\u00f6te 2<\/td><\/tr><tr><td>Ladina<\/td><td>Suter<\/td><td>Querfl\u00f6te 2<\/td><\/tr><tr><td>Livia<\/td><td>Federer<\/td><td>Querfl\u00f6te 1<\/td><\/tr><tr><td>Chantal<\/td><td>Schegg<\/td><td>Querfl\u00f6te 1<\/td><\/tr><tr><td>Sarah<\/td><td>Bischof<\/td><td>Klarinette 2<\/td><\/tr><tr><td>Bianca<\/td><td>Graf<\/td><td>Klarinette 1<\/td><\/tr><tr><td>Leandra<\/td><td>Seglias<\/td><td>Klarinette 2<\/td><\/tr><tr><td>Klara <\/td><td>Hug<\/td><td>Klarinette 2<\/td><\/tr><tr><td>Florine<\/td><td>Benz<\/td><td>Klarinette 1<\/td><\/tr><tr><td>Nicole<\/td><td>Schl\u00e4pfer<\/td><td>Klarinette 1<\/td><\/tr><tr><td>Samantha<\/td><td>Bickel<\/td><td>Klarinette 1<\/td><\/tr><tr><td>Noah<\/td><td>Sieber<\/td><td>AltSax<\/td><\/tr><tr><td>Janick<\/td><td>Rechsteiner<\/td><td>TenorSax<\/td><\/tr><tr><td>Sascha<\/td><td>Breitenmoser<\/td><td>Klarinette 2 (TenorSax)<\/td><\/tr><tr><td>Nico <\/td><td>Kobler<\/td><td>Trompete 2<\/td><\/tr><tr><td>Lorin<\/td><td>B\u00f6sch<\/td><td>Trompete 2<\/td><\/tr><tr><td>Leoni<\/td><td>F\u00e4ssler<\/td><td>Trompete 1<\/td><\/tr><tr><td>Lars<\/td><td>Rechsteiner<\/td><td>Trompete 2<\/td><\/tr><tr><td>Andr\u00e9<\/td><td>Breitenmoser<\/td><td>Trompete 1<\/td><\/tr><tr><td>Celine<\/td><td>Bleisch<\/td><td>Waldhorn<\/td><\/tr><tr><td>Joris<\/td><td>Bosser<\/td><td>Mellophone <\/td><\/tr><tr><td>Jonas<\/td><td>Hoffmann<\/td><td>Euphonium<\/td><\/tr><tr><td>Fabian<\/td><td>S\u00f6ldi<\/td><td>Euphonium <\/td><\/tr><tr><td>Philipp<\/td><td>Weber<\/td><td>Posaune 1<\/td><\/tr><tr><td>Elina<\/td><td>St\u00e4hli<\/td><td>Posaune 2<\/td><\/tr><tr><td>Leandro<\/td><td>Heeb<\/td><td>Posaune 2<\/td><\/tr><tr><td>Marcel<\/td><td>Z\u00fcrn<\/td><td>Tuba <\/td><\/tr><tr><td>Levin<\/td><td>Gautschi<\/td><td>Bass \/ Sousaphon<\/td><\/tr><tr><td>Andreas<\/td><td>Bleisch<\/td><td>Sousaphon <\/td><\/tr><tr><td>Nevio<\/td><td>Bichler<\/td><td>Quad Toms<\/td><\/tr><tr><td>Lukas<\/td><td>Steger<\/td><td>Pauke<\/td><\/tr><tr><td>Mario<\/td><td>Schegg<\/td><td>Chinellen<\/td><\/tr><tr><td>Andrin<\/td><td>Hongler<\/td><td>Pauke<\/td><\/tr><tr><td>Elias<\/td><td>Gautschi<\/td><td>Percussion<\/td><\/tr><tr><td>Elija<\/td><td>Schmid<\/td><td>Percussion<\/td><\/tr><tr><td>Pascal<\/td><td>Bischofberger<\/td><td>Snare<\/td><\/tr><tr><td>Matti<\/td><td>Bleisch<\/td><td>Pauke<\/td><\/tr><tr><td>Diego<\/td><td>Binotto<\/td><td>Quad Toms<\/td><\/tr><tr><td>Timo<\/td><td>Gartenhauser<\/td><td>Snare<\/td><\/tr><\/tbody><\/table><\/figure>\n\n\n\n<p>Voranmeldungen Projekt &#8217;27\/28 (Stand: 16.12.2025):<\/p>\n\n\n\n<figure class=\"wp-block-table\"><table class=\"has-fixed-layout\"><tbody><tr><td>Vorname<\/td><td>Name<\/td><td>Instrument<\/td><\/tr><tr><td>Lenya<\/td><td>Bichler<\/td><td>Piccolo \/ Querfl\u00f6te<\/td><\/tr><tr><td>Valeria<\/td><td>Stieger<\/td><td>Querfl\u00f6te<\/td><\/tr><tr><td>Jana<\/td><td>G\u00e4chter<\/td><td>Querfl\u00f6te<\/td><\/tr><tr><td>Emely<\/td><td>Biedermann<\/td><td>Querfl\u00f6te<\/td><\/tr><tr><td>Lenja<\/td><td>Schmid<\/td><td>Querfl\u00f6te<\/td><\/tr><tr><td>Sofia<\/td><td>Di Federico<\/td><td>Querfl\u00f6te<\/td><\/tr><tr><td>Aischa<\/td><td>Rohner<\/td><td>Querfl\u00f6te<\/td><\/tr><tr><td>Riana<\/td><td>Bichler<\/td><td>Querfl\u00f6te<\/td><\/tr><tr><td>Sereina<\/td><td>Wurster<\/td><td>Querfl\u00f6te<\/td><\/tr><tr><td>Lena<\/td><td>B\u00f6sch<\/td><td>Querfl\u00f6te<\/td><\/tr><tr><td>Claudia<\/td><td>Breu<\/td><td>Querfl\u00f6te<\/td><\/tr><tr><td>Ladina<\/td><td>Suter<\/td><td>Querfl\u00f6te<\/td><\/tr><tr><td>Livia<\/td><td>Federer<\/td><td>Querfl\u00f6te<\/td><\/tr><tr><td>Chantal<\/td><td>Schegg<\/td><td>Querfl\u00f6te<\/td><\/tr><tr><td>Nelia<\/td><td>Petrolo<\/td><td>Querfl\u00f6te<\/td><\/tr><tr><td>Elina<\/td><td>St\u00e4hli<\/td><td>Querfl\u00f6te \/ Posaune<\/td><\/tr><tr><td>Sarah<\/td><td>Bischof<\/td><td>Klarinette<\/td><\/tr><tr><td>Nicole<\/td><td>Baumgartner<\/td><td>Klarinette<\/td><\/tr><tr><td>Bianca<\/td><td>Graf<\/td><td>Klarinette<\/td><\/tr><tr><td>Leandra<\/td><td>Seglias<\/td><td>Klarinette<\/td><\/tr><tr><td>Klara<\/td><td>Hug<\/td><td>Klarinette<\/td><\/tr><tr><td>Florine<\/td><td>Benz<\/td><td>Klarinette<\/td><\/tr><tr><td>Nicole<\/td><td>Schl\u00e4pfer<\/td><td>Klarinette<\/td><\/tr><tr><td>Sascha<\/td><td>Breitenmoser<\/td><td>Klarinette \/ TenorSax<\/td><\/tr><tr><td>Samantha<\/td><td>Bickel<\/td><td>Bassklarinette \/ Klarinette<\/td><\/tr><tr><td>Leonie<\/td><td>Stieger<\/td><td>AltSax<\/td><\/tr><tr><td>Marvin<\/td><td>B\u00f6sch<\/td><td>AltSax<\/td><\/tr><tr><td>Noah<\/td><td>Sieber<\/td><td>AltSax<\/td><\/tr><tr><td>Enelia<\/td><td>B\u00fcnter<\/td><td>AltSax \/ TenorSax<\/td><\/tr><tr><td>Corina<\/td><td>Wigger<\/td><td>TenorSax \/ AltSax<\/td><\/tr><tr><td>Janick<\/td><td>Rechsteiner<\/td><td>TenorSax<\/td><\/tr><tr><td>Nico<\/td><td>Kobler<\/td><td>Trompete<\/td><\/tr><tr><td>Lorin<\/td><td>B\u00f6sch<\/td><td>Trompete<\/td><\/tr><tr><td>Lenja<\/td><td>Herrsche<\/td><td>Trompete<\/td><\/tr><tr><td>Leoni<\/td><td>F\u00e4ssler<\/td><td>Trompete<\/td><\/tr><tr><td>Lars<\/td><td>Rechsteiner<\/td><td>Trompete<\/td><\/tr><tr><td>Andr\u00e9<\/td><td>Breitenmoser<\/td><td>Trompete, Waldhorn, Fl\u00fcgelhorn<\/td><\/tr><tr><td>Celine<\/td><td>Bleisch<\/td><td>Waldhorn \/ Trompete<\/td><\/tr><tr><td>Joris<\/td><td>Bosser<\/td><td>Mellophone \/ Sousaphon<\/td><\/tr><tr><td>Jonas<\/td><td>Hoffmann<\/td><td>Euphonium \/ Tuba<\/td><\/tr><tr><td>Fabian<\/td><td>S\u00f6ldi<\/td><td>Euphonium \/ Posaune \/ eBass<\/td><\/tr><tr><td>Philipp<\/td><td>Weber<\/td><td>Posaune<\/td><\/tr><tr><td>Leandro<\/td><td>Heeb<\/td><td>Posaune<\/td><\/tr><tr><td>Marcel<\/td><td>Z\u00fcrn<\/td><td>Tuba \/ Posaune<\/td><\/tr><tr><td>Levin<\/td><td>Gautschi<\/td><td>Bass \/ Sousaphon<\/td><\/tr><tr><td>Lukas<\/td><td>Kobler<\/td><td>Bass \/ Sousaphon<\/td><\/tr><tr><td>Andreas<\/td><td>Bleisch<\/td><td>Sousaphon \/ gr. Trommel<\/td><\/tr><tr><td>Nevio<\/td><td>Bichler<\/td><td>Drums \/ Quad Toms<\/td><\/tr><tr><td>Lukas<\/td><td>Steger<\/td><td>Drums<\/td><\/tr><tr><td>Mario<\/td><td>Schegg<\/td><td>Drums<\/td><\/tr><tr><td>Andrin<\/td><td>Hongler<\/td><td>Drums<\/td><\/tr><tr><td>Elias<\/td><td>Gautschi<\/td><td>Drums \/ Percussion<\/td><\/tr><tr><td>Elija<\/td><td>Schmid<\/td><td>Drums \/ Klavier<\/td><\/tr><tr><td>Pascal<\/td><td>Bischofberger<\/td><td>Snare<\/td><\/tr><tr><td>Matti<\/td><td>Bleisch<\/td><td>Drums \/ Percussion<\/td><\/tr><tr><td>Flurin<\/td><td>Schmid<\/td><td>Quad Toms<\/td><\/tr><tr><td>Diego<\/td><td>Binotto<\/td><td>Drums<\/td><\/tr><tr><td>Isabella<\/td><td>Reiss<\/td><td>Mallets \/ Klavier<\/td><\/tr><tr><td>Timo<\/td><td>Gartenhauser<\/td><td>Drums<\/td><\/tr><\/tbody><\/table><\/figure>\n\n\n\n<p>Anmeldungen (Stand vom 21.1.2024):<\/p>\n\n\n\n<p><\/p>\n\n\n\n<figure class=\"wp-block-table\"><table><tbody><tr><td>Vorname<\/td><td>Name<\/td><td>Instrument<\/td><\/tr><tr><td>Lenya<\/td><td>Bichler<\/td><td>Piccolo<\/td><\/tr><tr><td>Riana<\/td><td>Bichler<\/td><td>Querfl\u00f6te<\/td><\/tr><tr><td>Aisha<\/td><td>Rohner<\/td><td>Querfl\u00f6te<\/td><\/tr><tr><td>Jana<\/td><td>G\u00e4chter<\/td><td>Querfl\u00f6te<\/td><\/tr><tr><td>Lena<\/td><td>B\u00f6sch<\/td><td>Querfl\u00f6te<\/td><\/tr><tr><td>Tina<\/td><td>Imlig<\/td><td>Oboe<\/td><\/tr><tr><td>Valeria<\/td><td>Stieger<\/td><td>Querfl\u00f6te<\/td><\/tr><tr><td>Nicole<\/td><td>Baumgartner<\/td><td>Klarinette<\/td><\/tr><tr><td>Bianca<\/td><td>Graf<\/td><td>Klarinette<\/td><\/tr><tr><td>Jay<\/td><td>Wildhaber<\/td><td>Klarinette<\/td><\/tr><tr><td><\/td><td><\/td><td><\/td><\/tr><tr><td>Enya<\/td><td>Gartenhauser<\/td><td>Klarinette<\/td><\/tr><tr><td>Florine<\/td><td>Benz<\/td><td>Klarinette<\/td><\/tr><tr><td>Leandra<\/td><td>Seglias<\/td><td>Klarinette<\/td><\/tr><tr><td>Sascha<\/td><td>Breitenmoser<\/td><td>TenorSax<\/td><\/tr><tr><td>Nicole<\/td><td>Gschwend<\/td><td>Bassklarinette<\/td><\/tr><tr><td>Leonie<\/td><td>Stieger<\/td><td>AltSax<\/td><\/tr><tr><td>Marvin<\/td><td>B\u00f6sch<\/td><td>AltSax<\/td><\/tr><tr><td>Corina<\/td><td>Wigger<\/td><td>TenorSax<\/td><\/tr><tr><td>Lukas<\/td><td>Kobler<\/td><td>TenorSax<\/td><\/tr><tr><td>Linda<\/td><td>Planchet<\/td><td>AltSax<\/td><\/tr><tr><td>Janick<\/td><td>Rechsteiner<\/td><td>Bariton-Saxophon<\/td><\/tr><tr><td>Elin<\/td><td>Claude<\/td><td>Trompete<\/td><\/tr><tr><td>Naomi<\/td><td>Haltiner<\/td><td>Trompete<\/td><\/tr><tr><td>Lars<\/td><td>Rechsteiner<\/td><td>Trompete<\/td><\/tr><tr><td>Lenja<\/td><td>Herrsche<\/td><td>Trompete<\/td><\/tr><tr><td>Levin<\/td><td>Gautschi<\/td><td>Trompete<\/td><\/tr><tr><td>Nico<\/td><td>Kobler<\/td><td>Trompete<\/td><\/tr><tr><td>Enea<\/td><td>Simone<\/td><td>Fl\u00fcgelhorn<\/td><\/tr><tr><td>Leoni<\/td><td>F\u00e4ssler<\/td><td>Trompete<\/td><\/tr><tr><td>Andre<\/td><td>Breitenmoser<\/td><td>Waldhorn<\/td><\/tr><tr><td>Joris<\/td><td>Bosser<\/td><td>Mellophon<\/td><\/tr><tr><td>Leon<\/td><td>B\u00f6sch<\/td><td>Posaune<\/td><\/tr><tr><td>Hannes<\/td><td>Kobler<\/td><td>Posaune<\/td><\/tr><tr><td>Philipp<\/td><td>Weber<\/td><td>Posaune<\/td><\/tr><tr><td>Alex<\/td><td>Schneider<\/td><td>Posaune<\/td><\/tr><tr><td>Leandro<\/td><td>Heeb<\/td><td>Posaune<\/td><\/tr><tr><td>Diego<\/td><td>Benz<\/td><td>Bass<\/td><\/tr><tr><td>Elias<\/td><td>Gautschi<\/td><td>Schlagzeug<\/td><\/tr><tr><td>Mario<\/td><td>Schegg<\/td><td>Schlagzeug<\/td><\/tr><tr><td>Andrin<\/td><td>Hongler<\/td><td>Schlagzeug<\/td><\/tr><tr><td>Pascal<\/td><td>Bischofberger<\/td><td>Schlagzeug<\/td><\/tr><tr><td>Timo<\/td><td>Gartenhauser<\/td><td>Schlagzeug<\/td><\/tr><tr><td>Nevio<\/td><td>Bichler<\/td><td>Schlagzeug<\/td><\/tr><tr><td>Flurin<\/td><td>Schmid<\/td><td>Schlagzeug<\/td><\/tr><\/tbody><\/table><figcaption class=\"wp-element-caption\"><br><strong>Besetzung (Stand vom 16.6.2023):<\/strong>:<\/figcaption><\/figure>\n\n\n\n<figure class=\"wp-block-table\"><table><tbody><tr><td>Aischa<\/td><td>Rohner<\/td><td>Querfl\u00f6te<\/td><\/tr><tr><td>Lena<\/td><td>B\u00f6sch<\/td><td>Querfl\u00f6te<\/td><\/tr><tr><td>Jana<\/td><td>G\u00e4chter<\/td><td>Querfl\u00f6te<\/td><\/tr><tr><td>Riana<\/td><td>Bichler<\/td><td>Querfl\u00f6te<\/td><\/tr><tr><td>Valeria<\/td><td>Stieger<\/td><td>Querfl\u00f6te<\/td><\/tr><tr><td>Al\u00e9na<\/td><td>Lippuner<\/td><td>Querfl\u00f6te<\/td><\/tr><tr><td>&nbsp;<\/td><td>&nbsp;<\/td><td>&nbsp;<\/td><\/tr><tr><td>Lenya<\/td><td>Bichler<\/td><td>Querfl\u00f6te \/ Piccolo<\/td><\/tr><tr><td>Florine<\/td><td>Benz<\/td><td>Klarinette<\/td><\/tr><tr><td>Jay<\/td><td>Wildhaber<\/td><td>Klarinette<\/td><\/tr><tr><td>Bianca<\/td><td>Graf<\/td><td>Klarinette<\/td><\/tr><tr><td>Nicole<\/td><td>Baumgartner<\/td><td>Klarinette<\/td><\/tr><tr><td>Alyssa<\/td><td>Allemann<\/td><td>Klarinette<\/td><\/tr><tr><td>Mia<\/td><td>Kobler<\/td><td>Klarinette<\/td><\/tr><tr><td>Enelia<\/td><td>B\u00fcnter<\/td><td>Sax Alt<\/td><\/tr><tr><td>Leonie<\/td><td>Stieger<\/td><td>Sax Alt<\/td><\/tr><tr><td>Marvin<\/td><td>B\u00f6sch<\/td><td>Sax Alt<\/td><\/tr><tr><td>Janik<\/td><td>Wider<\/td><td>Sax Tenor<\/td><\/tr><tr><td>Corina<\/td><td>Wigger<\/td><td>Sax Tenor<\/td><\/tr><tr><td>Sascha<\/td><td>Breitenmoser<\/td><td>Sax Tenor<\/td><\/tr><tr><td>Janick<\/td><td>Rechsteiner<\/td><td>Sax Bari<\/td><\/tr><tr><td>Stefan<\/td><td>Rechsteiner<\/td><td>Sax Tenor<\/td><\/tr><tr><td>Lea<\/td><td>W\u00fcrsch<\/td><td>Trompete<\/td><\/tr><tr><td>Lenja<\/td><td>Herrsche<\/td><td>Trompete<\/td><\/tr><tr><td>Levin<\/td><td>Gautschi<\/td><td>Trompete<\/td><\/tr><tr><td>Nico<\/td><td>Kobler<\/td><td>Trompete<\/td><\/tr><tr><td>Corinne<\/td><td>G\u00e4chter<\/td><td>Trompete<\/td><\/tr><tr><td>Elin<\/td><td>Claude<\/td><td>Trompete<\/td><\/tr><tr><td>Lars<\/td><td>Rechsteiner<\/td><td>Trompete<\/td><\/tr><tr><td>Enea<\/td><td>Simone<\/td><td>Trompete (Fl\u00fcgelhorn)<\/td><\/tr><tr><td>Joris<\/td><td>Bosser<\/td><td>Waldhorn<\/td><\/tr><tr><td>Hannes<br>Leon<\/td><td>Kobler<br>B\u00f6sch<\/td><td>Posaune<br>Posaune<\/td><\/tr><tr><td>Alex<\/td><td>Schneider<\/td><td>Posaune<\/td><\/tr><tr><td>Philipp<\/td><td>Weber<\/td><td>Posaune<\/td><\/tr><tr><td>Dario<br>Diego<\/td><td>Schmid<br>Benz<\/td><td>Bass<br>Bass<\/td><\/tr><tr><td>Elias<\/td><td>Gautschi<\/td><td>Schlagzeug (Pauke)<\/td><\/tr><tr><td>Timo<\/td><td>Gartenhauser<\/td><td>Schlagzeug (Chinellen)<\/td><\/tr><tr><td>Andrin<\/td><td>Hongler<\/td><td>Schlagzeug (Pauke)<\/td><\/tr><tr><td>Nevio<\/td><td>Bichler<\/td><td>Schlagzeug (Quad)<\/td><\/tr><tr><td>Pascal<br>Flurin<\/td><td>Bischofberger<br>Schmid<\/td><td>Schlagzeug (Snare)<br>Schlagzeug (Percussion)<\/td><\/tr><\/tbody><\/table><\/figure>\n\n\n\n<p><strong style=\"font-size: revert;\">Besetzung (Stand vom 23.9.2019):<\/strong><\/p>\n\n\n\n<figure class=\"wp-block-table\"><table><tbody><tr><td>Benz Pascal<\/td><td>Bass B<\/td><\/tr><tr><td>W\u00fcst Melanie<\/td><td>Bass Es<\/td><\/tr><tr><td>Schmid Dario<\/td><td>Bass B<\/td><\/tr><tr><td>Stieger Nina<\/td><td>Barisax<\/td><\/tr><tr><td>Graf Reto<\/td><td>Barisax<\/td><\/tr><tr><td>W\u00fcst Nando<\/td><td>Drums<\/td><\/tr><tr><td>Dux Michael<\/td><td>Drums<\/td><\/tr><tr><td>Binotto Diego<\/td><td>Drums<\/td><\/tr><tr><td>Steiger Kenneth<\/td><td>Drums<\/td><\/tr><tr><td>Bichler Nevio<\/td><td>Drums<\/td><\/tr><tr><td>Jenny Gian-Marco<\/td><td>Drums<\/td><\/tr><tr><td>Schneider Fabio<\/td><td>Eufonium<\/td><\/tr><tr><td>Hutter Mario<\/td><td>Eufonium<\/td><\/tr><tr><td>Tiefenauer Delia<\/td><td>Klarinette<\/td><\/tr><tr><td>Schneider Ricarda<\/td><td>Klarinette<\/td><\/tr><tr><td>Allemann Alyssa<\/td><td>Klarinette<\/td><\/tr><tr><td>Greitmann Lisa<\/td><td>Klarinette<\/td><\/tr><tr><td>Popp Soledad<\/td><td>Klarinette<\/td><\/tr><tr><td>G\u00e4chter Ramon<\/td><td>Posaune<\/td><\/tr><tr><td>Hutter Koni<\/td><td>Posaune<\/td><\/tr><tr><td>S\u00f6ldi Diego<\/td><td>Posaune<\/td><\/tr><tr><td>W\u00fcst Anna-Joel<\/td><td>Posaune<\/td><\/tr><tr><td>Claude Gian-Andrin<\/td><td>Posaune<\/td><\/tr><tr><td>Hallauer Joel<\/td><td>Posaune<\/td><\/tr><tr><td>Schneider Alex<\/td><td>Posaune<\/td><\/tr><tr><td>Schneider Pedro<\/td><td>Posaune<\/td><\/tr><tr><td>K\u00fchnis Sarah<\/td><td>Querfl\u00f6te<\/td><\/tr><tr><td>Hengartner Gina<\/td><td>Querfl\u00f6te<\/td><\/tr><tr><td>Schneider Gina<\/td><td>Querfl\u00f6te<\/td><\/tr><tr><td>Torres Gomez Laura<\/td><td>Querfl\u00f6te<\/td><\/tr><tr><td>Zoller Regina<\/td><td>Querfl\u00f6te<\/td><\/tr><tr><td>Sch\u00f6b Fabienne<\/td><td>Querfl\u00f6te<\/td><\/tr><tr><td>Bichler Riana<\/td><td>Querfl\u00f6te<\/td><\/tr><tr><td>Bichler Lenya<\/td><td>Querfl\u00f6te<\/td><\/tr><tr><td>St\u00fcdli Melanie<\/td><td>Querfl\u00f6te<\/td><\/tr><tr><td>Schmid Sina<\/td><td>Querfl\u00f6te<\/td><\/tr><tr><td>Horak Jan<\/td><td>Saxofon_Alt<\/td><\/tr><tr><td>Willi Anina<\/td><td>Saxofon_Alt<\/td><\/tr><tr><td>Stieger Leonie<\/td><td>Saxofon_Alt<\/td><\/tr><tr><td>Hasler Lea<\/td><td>Saxofon_Alt<\/td><\/tr><tr><td>Gschwend Leja<\/td><td>Saxofon_Alt<\/td><\/tr><tr><td>Rechsteiner Janick<\/td><td>Saxofon_Tenor<\/td><\/tr><tr><td>Stieger Tamara<\/td><td>Saxofon_Tenor<\/td><\/tr><tr><td>Feldmann Andi<\/td><td>Saxofon_Tenor<\/td><\/tr><tr><td>D\u00fcnser Dominik<\/td><td>Trompete<\/td><\/tr><tr><td>Rechsteiner Lars<\/td><td>Trompete<\/td><\/tr><tr><td>W\u00fcrsch Lea<\/td><td>Trompete<\/td><\/tr><tr><td>Claude Jael<\/td><td>Trompete<\/td><\/tr><tr><td>Lenya Herrsche<\/td><td>Trompete<\/td><\/tr><tr><td>Martin Z\u00e4ch<\/td><td>Trompete<\/td><\/tr><tr><td>Oesch Tamara<\/td><td>Trompete<\/td><\/tr><tr><td>&nbsp;<\/td><td>&nbsp;<\/td><\/tr><tr><td>Gautschi Levin<\/td><td>Trompete<\/td><\/tr><tr><td>Schneider Beat<\/td><td>Trompete<\/td><\/tr><tr><td>Schneider Felix<\/td><td>Waldhorn<\/td><\/tr><tr><td>G\u00e4chter Alexa<\/td><td>Waldhorn<\/td><\/tr><tr><td>G\u00e4chter Noelia<\/td><td>Waldhorn<\/td><\/tr><tr><td>L\u00fcchinger Angelo<\/td><td>Waldhorn<\/td><\/tr><tr><td>Till Stieger<\/td><td>eGit<\/td><\/tr><tr><td>Lukas Wild<\/td><td>eBass<\/td><\/tr><\/tbody><\/table><\/figure>\n\n\n\n<p><strong>Besetzung vom 28.5.2018<\/strong><\/p>\n\n\n\n<figure class=\"wp-block-table\"><table><tbody><tr><td>K\u00fchnis Sarah<\/td><td>Fl\u00f6te<\/td><\/tr><tr><td>Hengartner Gina<\/td><td>Fl\u00f6te<\/td><\/tr><tr><td>Schneider Gina<\/td><td>Fl\u00f6te<\/td><\/tr><tr><td>Sch\u00f6b Fabienne<\/td><td>Fl\u00f6te<\/td><\/tr><tr><td>Bichler Lenya<\/td><td>Fl\u00f6te<\/td><\/tr><tr><td>Zoller Regina<\/td><td>Fl\u00f6te<\/td><\/tr><tr><td>Ammann Alena<\/td><td>Alt Sax<\/td><\/tr><tr><td>Volland Liara<\/td><td>Alt Sax<\/td><\/tr><tr><td>Horak Jan<\/td><td>Alt Sax<\/td><\/tr><tr><td>Stieger Leonie<\/td><td>Alt Sax<\/td><\/tr><tr><td>Hasler Lea<\/td><td>Alt Sax<\/td><\/tr><tr><td>Gschwend Leja<\/td><td>Alt Sax<\/td><\/tr><tr><td>Stieger Tamara<\/td><td>Tenor Sax<\/td><\/tr><tr><td>Rechsteiner Janick<\/td><td>Tenor Sax<\/td><\/tr><tr><td>Wittwer Noah<\/td><td>Trompete<\/td><\/tr><tr><td>Wittwer Marvin<\/td><td>Trompete<\/td><\/tr><tr><td>Rechsteiner Lars<\/td><td>Trompete<\/td><\/tr><tr><td>Martin Z\u00e4ch<\/td><td>Trompete<\/td><\/tr><tr><td>Claude Jael<\/td><td>Trompete<\/td><\/tr><tr><td>G\u00e4chter Sarah<\/td><td>Trompete<\/td><\/tr><tr><td>L\u00fcchinger Angelo<\/td><td>Trompete<\/td><\/tr><tr><td>L\u00fcchinger Marco<\/td><td>Trompete<\/td><\/tr><tr><td>Steiger Philip<\/td><td>Trompete<\/td><\/tr><tr><td>W\u00fcrsch Lea\n<p>&nbsp;<\/p>\n<p>B\u00fcchel Janine<\/p>\n<\/td><td>Trompete\n<p>&nbsp;<\/p>\n<p>Trompete<\/p>\n<\/td><\/tr><tr><td>D\u00fcnser Dominik<\/td><td>Trompete<\/td><\/tr><tr><td>Schneider Beat<\/td><td>Trompete<\/td><\/tr><tr><td>Weder Fynn<\/td><td>Waldhorn<\/td><\/tr><tr><td>Seitz Philipp<\/td><td>Waldhorn<\/td><\/tr><tr><td>Schneider Alina<\/td><td>Waldhorn<\/td><\/tr><tr><td>Schneider Fabio<\/td><td>Eufonium<\/td><\/tr><tr><td>K\u00fcster Timo<\/td><td>Eufonium<\/td><\/tr><tr><td>Hutter Mario<\/td><td>Eufonium<\/td><\/tr><tr><td>W\u00fcst A-J<\/td><td>Posaune<\/td><\/tr><tr><td>Hallauer Joel<\/td><td>Posaune<\/td><\/tr><tr><td>Schneider Pedro<\/td><td>Posaune<\/td><\/tr><tr><td>Claude Gian-Andrin<\/td><td>Posaune<\/td><\/tr><tr><td>Hutter Koni<\/td><td>Posaune<\/td><\/tr><tr><td>G\u00e4chter Ramon<\/td><td>Posaune<\/td><\/tr><tr><td>S\u00f6ldi Diego<\/td><td>Posaune<\/td><\/tr><tr><td>Benz Pascal<\/td><td>Bass<\/td><\/tr><tr><td>W\u00fcst Melanie<\/td><td>Bass Es<\/td><\/tr><tr><td>Gschwend Patrik<\/td><td>E-Bass<\/td><\/tr><tr><td>W\u00fcst Nando<\/td><td>Drums<\/td><\/tr><tr><td>Dux Michael<\/td><td>Drums<\/td><\/tr><tr><td>Binotto Diego<\/td><td>Drums<\/td><\/tr><tr><td>Jenny Gian-Marco<\/td><td>Drums<\/td><\/tr><tr><td>Steiger Kenneth<\/td><td>Drums<\/td><\/tr><tr><td>Bichler Nevio<\/td><td>Drums<\/td><\/tr><\/tbody><\/table><\/figure>\n","protected":false},"excerpt":{"rendered":"<p>Projekt EMF&#8217;26 (Stand: 16.2.2026) Vorname Name Instrument Lenya Bichler Piccolo Valeria Stieger Querfl\u00f6te 1 Jana G\u00e4chter Querfl\u00f6te 1 Emely Biedermann Querfl\u00f6te 2 Sofia Di Federico Querfl\u00f6te 1 Lenja Schmid Querfl\u00f6te 2 Aischa Rohner Querfl\u00f6te 1 Riana Bichler Querfl\u00f6te 2 Lena B\u00f6sch Querfl\u00f6te 2 Ladina Suter Querfl\u00f6te 2 Livia Federer Querfl\u00f6te 1 Chantal Schegg Querfl\u00f6te 1 &hellip; <\/p>\n<p class=\"link-more\"><a href=\"https:\/\/youngrevolution.ch\/?page_id=21\" class=\"more-link\"><span class=\"screen-reader-text\">\u201eBesetzung\u201c <\/span>weiterlesen<\/a><\/p>\n","protected":false},"author":1,"featured_media":0,"parent":0,"menu_order":0,"comment_status":"closed","ping_status":"closed","template":"","meta":{"footnotes":""},"class_list":["post-21","page","type-page","status-publish","hentry"],"_links":{"self":[{"href":"https:\/\/youngrevolution.ch\/index.php?rest_route=\/wp\/v2\/pages\/21","targetHints":{"allow":["GET"]}}],"collection":[{"href":"https:\/\/youngrevolution.ch\/index.php?rest_route=\/wp\/v2\/pages"}],"about":[{"href":"https:\/\/youngrevolution.ch\/index.php?rest_route=\/wp\/v2\/types\/page"}],"author":[{"embeddable":true,"href":"https:\/\/youngrevolution.ch\/index.php?rest_route=\/wp\/v2\/users\/1"}],"replies":[{"embeddable":true,"href":"https:\/\/youngrevolution.ch\/index.php?rest_route=%2Fwp%2Fv2%2Fcomments&post=21"}],"version-history":[{"count":105,"href":"https:\/\/youngrevolution.ch\/index.php?rest_route=\/wp\/v2\/pages\/21\/revisions"}],"predecessor-version":[{"id":1139,"href":"https:\/\/youngrevolution.ch\/index.php?rest_route=\/wp\/v2\/pages\/21\/revisions\/1139"}],"wp:attachment":[{"href":"https:\/\/youngrevolution.ch\/index.php?rest_route=%2Fwp%2Fv2%2Fmedia&parent=21"}],"curies":[{"name":"wp","href":"https:\/\/api.w.org\/{rel}","templated":true}]}}