{"id":115,"date":"2018-05-30T16:48:19","date_gmt":"2018-05-30T16:48:19","guid":{"rendered":"http:\/\/youngrevolution.ch\/?page_id=115"},"modified":"2025-09-21T08:51:21","modified_gmt":"2025-09-21T08:51:21","slug":"geschichte","status":"publish","type":"page","link":"https:\/\/youngrevolution.ch\/","title":{"rendered":"Start"},"content":{"rendered":"\n<p style=\"font-size:26px\">Herzlich Willkommen bei <br>Young (R)evolution<\/p>\n\n\n\n<p>Wir, Young (R)evolution, sind eine Gruppe von jungen Musikern\/-innen mit dem Ziel die Parademusik zu modernisieren und insbesondere mit Evolutionen das Publikum zu begeistern. Mit dem Projekt DR\u00dcAZWANZG hatten wir einen durchschlagenden Erfolg an den Auftritten wie auch am Schweizer Jugendmusikfest. Belohnt wurden wir nicht nur mit dem Schweizermeister-Titel in der Disziplin &#8222;Parademusik mit Evolutionen&#8220;. Mit der Punktzahl von 95.67 waren wir auch Gewinner \u00fcber alle Parademusik-Disziplinen. Das grossartige Wochenende wird uns noch lange in Erinnerung bleiben und mit Stolz erf\u00fcllen.<\/p>\n\n\n\n<p>Motto &#8217;23:  <strong>The Greatest Show<\/strong><\/p>\n\n\n<div class=\"wp-block-image is-style-rounded\">\n<figure class=\"aligncenter size-full\"><img loading=\"lazy\" decoding=\"async\" width=\"367\" height=\"292\" src=\"https:\/\/youngrevolution.ch\/wp-content\/uploads\/2022\/05\/Poster2022-bb23531d321c036g6a90ed951366e7e9.jpg\" alt=\"\" class=\"wp-image-548\" srcset=\"https:\/\/youngrevolution.ch\/wp-content\/uploads\/2022\/05\/Poster2022-bb23531d321c036g6a90ed951366e7e9.jpg 367w, https:\/\/youngrevolution.ch\/wp-content\/uploads\/2022\/05\/Poster2022-bb23531d321c036g6a90ed951366e7e9-300x239.jpg 300w\" sizes=\"auto, (max-width: 367px) 100vw, 367px\" \/><\/figure>\n<\/div>\n\n\n<p><br>Auch im 2024 sind wir mit dem Programm unterwegs und haben es ausgebaut zur Rasen-\/Hallenshow. Damit sind wir im Rheintal und auch auf internationalem Parkett unterwegs (Musikfest Bertoldshofen &amp; Weltjugendmusikfestival Z\u00fcrich). Bei der Bewertung in Z\u00fcrich haben wir sensationelles Feedback erhalten und durften mit einem zweiten Rang in der Parademusik und einem ersten Rang f\u00fcr die Hallenshow belohnt werden.<\/p>\n\n\n\n<p>Projekt ACHTAZWANZG<\/p>\n\n\n\n<p>Das Alles schreit nach &#8222;Fortsetzung&#8220; &#8211; und deshalb planen wir auf 2027 \/ 2028 eine Neuauflage mit nationalen und internationalen Auftritten. Mit dabei ist das Schweizer Jugendmusikfest &#8217;28 &#8211; wo auch immer das stattfinden wird. <\/p>\n\n\n\n<p>Als Neuerung wollen wir die Parademusik mit Evolutionen auch \u00c4lteren oder Wiederholungst\u00e4tern zug\u00e4nglich machen. Je nach Voranmeldungen \u00fcberlegen wir uns wie wir die Formation zusammenstellen k\u00f6nnen. Deshalb gilt es darum alle EVO-Begeisterten zusammen zu bringen und ein cooles Programm auf die Beine zu stellen.<\/p>\n\n\n\n<div class=\"wp-block-buttons is-layout-flex wp-block-buttons-is-layout-flex\">\n<div class=\"wp-block-button\"><a class=\"wp-block-button__link wp-element-button\" href=\"https:\/\/youngrevolution.ch\/?page_id=426\">Zur Voranmeldung<\/a><\/div>\n<\/div>\n\n\n\n<p><\/p>\n\n\n\n<p><\/p>\n\n\n\n<p><\/p>\n\n\n\n<p><\/p>\n\n\n\n<p>Folgt uns auf Instagram und Facebook um immer auf dem aktuellen Stand zu sein.<\/p>\n\n\n\n<ul class=\"wp-block-social-links is-layout-flex wp-block-social-links-is-layout-flex\"><li class=\"wp-social-link wp-social-link-facebook  wp-block-social-link\"><a href=\"https:\/\/www.facebook.com\/groups\/297663041336569\" class=\"wp-block-social-link-anchor\"><svg width=\"24\" height=\"24\" viewBox=\"0 0 24 24\" version=\"1.1\" xmlns=\"http:\/\/www.w3.org\/2000\/svg\" aria-hidden=\"true\" focusable=\"false\"><path d=\"M12 2C6.5 2 2 6.5 2 12c0 5 3.7 9.1 8.4 9.9v-7H7.9V12h2.5V9.8c0-2.5 1.5-3.9 3.8-3.9 1.1 0 2.2.2 2.2.2v2.5h-1.3c-1.2 0-1.6.8-1.6 1.6V12h2.8l-.4 2.9h-2.3v7C18.3 21.1 22 17 22 12c0-5.5-4.5-10-10-10z\"><\/path><\/svg><span class=\"wp-block-social-link-label screen-reader-text\">Facebook<\/span><\/a><\/li>\n\n\n\n<li class=\"wp-social-link wp-social-link-instagram  wp-block-social-link\"><a href=\"https:\/\/www.instagram.com\/young_revolution_onazwanzg\/\" class=\"wp-block-social-link-anchor\"><svg width=\"24\" height=\"24\" viewBox=\"0 0 24 24\" version=\"1.1\" xmlns=\"http:\/\/www.w3.org\/2000\/svg\" aria-hidden=\"true\" focusable=\"false\"><path d=\"M12,4.622c2.403,0,2.688,0.009,3.637,0.052c0.877,0.04,1.354,0.187,1.671,0.31c0.42,0.163,0.72,0.358,1.035,0.673 c0.315,0.315,0.51,0.615,0.673,1.035c0.123,0.317,0.27,0.794,0.31,1.671c0.043,0.949,0.052,1.234,0.052,3.637 s-0.009,2.688-0.052,3.637c-0.04,0.877-0.187,1.354-0.31,1.671c-0.163,0.42-0.358,0.72-0.673,1.035 c-0.315,0.315-0.615,0.51-1.035,0.673c-0.317,0.123-0.794,0.27-1.671,0.31c-0.949,0.043-1.233,0.052-3.637,0.052 s-2.688-0.009-3.637-0.052c-0.877-0.04-1.354-0.187-1.671-0.31c-0.42-0.163-0.72-0.358-1.035-0.673 c-0.315-0.315-0.51-0.615-0.673-1.035c-0.123-0.317-0.27-0.794-0.31-1.671C4.631,14.688,4.622,14.403,4.622,12 s0.009-2.688,0.052-3.637c0.04-0.877,0.187-1.354,0.31-1.671c0.163-0.42,0.358-0.72,0.673-1.035 c0.315-0.315,0.615-0.51,1.035-0.673c0.317-0.123,0.794-0.27,1.671-0.31C9.312,4.631,9.597,4.622,12,4.622 M12,3 C9.556,3,9.249,3.01,8.289,3.054C7.331,3.098,6.677,3.25,6.105,3.472C5.513,3.702,5.011,4.01,4.511,4.511 c-0.5,0.5-0.808,1.002-1.038,1.594C3.25,6.677,3.098,7.331,3.054,8.289C3.01,9.249,3,9.556,3,12c0,2.444,0.01,2.751,0.054,3.711 c0.044,0.958,0.196,1.612,0.418,2.185c0.23,0.592,0.538,1.094,1.038,1.594c0.5,0.5,1.002,0.808,1.594,1.038 c0.572,0.222,1.227,0.375,2.185,0.418C9.249,20.99,9.556,21,12,21s2.751-0.01,3.711-0.054c0.958-0.044,1.612-0.196,2.185-0.418 c0.592-0.23,1.094-0.538,1.594-1.038c0.5-0.5,0.808-1.002,1.038-1.594c0.222-0.572,0.375-1.227,0.418-2.185 C20.99,14.751,21,14.444,21,12s-0.01-2.751-0.054-3.711c-0.044-0.958-0.196-1.612-0.418-2.185c-0.23-0.592-0.538-1.094-1.038-1.594 c-0.5-0.5-1.002-0.808-1.594-1.038c-0.572-0.222-1.227-0.375-2.185-0.418C14.751,3.01,14.444,3,12,3L12,3z M12,7.378 c-2.552,0-4.622,2.069-4.622,4.622S9.448,16.622,12,16.622s4.622-2.069,4.622-4.622S14.552,7.378,12,7.378z M12,15 c-1.657,0-3-1.343-3-3s1.343-3,3-3s3,1.343,3,3S13.657,15,12,15z M16.804,6.116c-0.596,0-1.08,0.484-1.08,1.08 s0.484,1.08,1.08,1.08c0.596,0,1.08-0.484,1.08-1.08S17.401,6.116,16.804,6.116z\"><\/path><\/svg><span class=\"wp-block-social-link-label screen-reader-text\">Instagram<\/span><\/a><\/li>\n\n\n\n\n\n<\/ul>\n\n\n\n<p><\/p>\n","protected":false},"excerpt":{"rendered":"<p>Herzlich Willkommen bei Young (R)evolution Wir, Young (R)evolution, sind eine Gruppe von jungen Musikern\/-innen mit dem Ziel die Parademusik zu modernisieren und insbesondere mit Evolutionen das Publikum zu begeistern. Mit dem Projekt DR\u00dcAZWANZG hatten wir einen durchschlagenden Erfolg an den Auftritten wie auch am Schweizer Jugendmusikfest. Belohnt wurden wir nicht nur mit dem Schweizermeister-Titel in &hellip; <\/p>\n<p class=\"link-more\"><a href=\"https:\/\/youngrevolution.ch\/\" class=\"more-link\"><span class=\"screen-reader-text\">\u201eStart\u201c <\/span>weiterlesen<\/a><\/p>\n","protected":false},"author":1,"featured_media":0,"parent":0,"menu_order":0,"comment_status":"closed","ping_status":"closed","template":"","meta":{"footnotes":""},"class_list":["post-115","page","type-page","status-publish","hentry"],"_links":{"self":[{"href":"https:\/\/youngrevolution.ch\/index.php?rest_route=\/wp\/v2\/pages\/115","targetHints":{"allow":["GET"]}}],"collection":[{"href":"https:\/\/youngrevolution.ch\/index.php?rest_route=\/wp\/v2\/pages"}],"about":[{"href":"https:\/\/youngrevolution.ch\/index.php?rest_route=\/wp\/v2\/types\/page"}],"author":[{"embeddable":true,"href":"https:\/\/youngrevolution.ch\/index.php?rest_route=\/wp\/v2\/users\/1"}],"replies":[{"embeddable":true,"href":"https:\/\/youngrevolution.ch\/index.php?rest_route=%2Fwp%2Fv2%2Fcomments&post=115"}],"version-history":[{"count":22,"href":"https:\/\/youngrevolution.ch\/index.php?rest_route=\/wp\/v2\/pages\/115\/revisions"}],"predecessor-version":[{"id":1001,"href":"https:\/\/youngrevolution.ch\/index.php?rest_route=\/wp\/v2\/pages\/115\/revisions\/1001"}],"wp:attachment":[{"href":"https:\/\/youngrevolution.ch\/index.php?rest_route=%2Fwp%2Fv2%2Fmedia&parent=115"}],"curies":[{"name":"wp","href":"https:\/\/api.w.org\/{rel}","templated":true}]}}